{"id":1489,"date":"2026-04-01T13:15:31","date_gmt":"2026-04-01T13:15:31","guid":{"rendered":"https:\/\/escalesoins.fr\/?page_id=1489"},"modified":"2026-04-02T14:49:54","modified_gmt":"2026-04-02T14:49:54","slug":"elementor-page-1489","status":"publish","type":"page","link":"http:\/\/escalesoins.fr\/index.php\/elementor-page-1489\/","title":{"rendered":"Mentions l\u00e9gales"},"content":{"rendered":"\t\t<div data-elementor-type=\"wp-page\" data-elementor-id=\"1489\" class=\"elementor elementor-1489\">\n\t\t\t\t<div class=\"elementor-element elementor-element-c187569 e-flex e-con-boxed e-con e-parent\" data-id=\"c187569\" data-element_type=\"container\" data-e-type=\"container\">\n\t\t\t\t\t<div class=\"e-con-inner\">\n\t\t\t\t<div class=\"elementor-element elementor-element-fe02832 elementor-widget__width-initial elementor-widget elementor-widget-image\" data-id=\"fe02832\" data-element_type=\"widget\" data-e-type=\"widget\" data-widget_type=\"image.default\">\n\t\t\t\t\t\t\t\t\t\t\t\t\t\t\t<img decoding=\"async\" width=\"150\" height=\"150\" src=\"http:\/\/escalesoins.fr\/wp-content\/uploads\/2026\/04\/FB_IMG_1774940913417-e1775140914303-150x150.jpg\" class=\"attachment-thumbnail size-thumbnail wp-image-1421\" alt=\"\" srcset=\"http:\/\/escalesoins.fr\/wp-content\/uploads\/2026\/04\/FB_IMG_1774940913417-e1775140914303-150x150.jpg 150w, http:\/\/escalesoins.fr\/wp-content\/uploads\/2026\/04\/FB_IMG_1774940913417-e1775140914303.jpg 250w\" sizes=\"(max-width: 150px) 100vw, 150px\" \/>\t\t\t\t\t\t\t\t\t\t\t\t\t\t\t<\/div>\n\t\t<div class=\"elementor-element elementor-element-02640c7 e-con-full e-flex e-con e-child\" data-id=\"02640c7\" data-element_type=\"container\" data-e-type=\"container\">\n\t\t\t\t<div class=\"elementor-element elementor-element-39ff6d8 elementor-widget__width-initial elementor-widget elementor-widget-heading\" data-id=\"39ff6d8\" data-element_type=\"widget\" data-e-type=\"widget\" data-widget_type=\"heading.default\">\n\t\t\t\t\t<h2 class=\"elementor-heading-title elementor-size-default\">Escale Soins <\/h2>\t\t\t\t<\/div>\n\t\t\t\t<\/div>\n\t\t<div class=\"elementor-element elementor-element-f734c79 e-grid e-con-full e-con e-child\" data-id=\"f734c79\" data-element_type=\"container\" data-e-type=\"container\">\n\t\t\t\t<div class=\"elementor-element elementor-element-fd49206 elementor-widget elementor-widget-button\" data-id=\"fd49206\" data-element_type=\"widget\" data-e-type=\"widget\" data-widget_type=\"button.default\">\n\t\t\t\t\t\t\t\t\t\t<a class=\"elementor-button elementor-button-link elementor-size-sm\" href=\"https:\/\/escalesoins.fr\/\">\n\t\t\t\t\t\t<span class=\"elementor-button-content-wrapper\">\n\t\t\t\t\t\t\t\t\t<span class=\"elementor-button-text\">Acceuil<\/span>\n\t\t\t\t\t<\/span>\n\t\t\t\t\t<\/a>\n\t\t\t\t\t\t\t\t<\/div>\n\t\t\t\t<div class=\"elementor-element elementor-element-cf542f8 elementor-widget elementor-widget-button\" data-id=\"cf542f8\" data-element_type=\"widget\" data-e-type=\"widget\" data-widget_type=\"button.default\">\n\t\t\t\t\t\t\t\t\t\t<a class=\"elementor-button elementor-button-link elementor-size-sm\" href=\"https:\/\/escalesoins.fr\/index.php\/elementor-page-292\/\">\n\t\t\t\t\t\t<span class=\"elementor-button-content-wrapper\">\n\t\t\t\t\t\t\t\t\t<span class=\"elementor-button-text\">\u00d0ermopigmentation<\/span>\n\t\t\t\t\t<\/span>\n\t\t\t\t\t<\/a>\n\t\t\t\t\t\t\t\t<\/div>\n\t\t\t\t<div class=\"elementor-element elementor-element-8fcc477 elementor-widget elementor-widget-button\" data-id=\"8fcc477\" data-element_type=\"widget\" data-e-type=\"widget\" data-widget_type=\"button.default\">\n\t\t\t\t\t\t\t\t\t\t<a class=\"elementor-button elementor-button-link elementor-size-sm\" href=\"https:\/\/escalesoins.fr\/index.php\/elementor-page-307\/\">\n\t\t\t\t\t\t<span class=\"elementor-button-content-wrapper\">\n\t\t\t\t\t\t\t\t\t<span class=\"elementor-button-text\">Esth\u00e9tique <\/span>\n\t\t\t\t\t<\/span>\n\t\t\t\t\t<\/a>\n\t\t\t\t\t\t\t\t<\/div>\n\t\t\t\t<div class=\"elementor-element elementor-element-d3fdfb2 elementor-widget elementor-widget-button\" data-id=\"d3fdfb2\" data-element_type=\"widget\" data-e-type=\"widget\" data-widget_type=\"button.default\">\n\t\t\t\t\t\t\t\t\t\t<a class=\"elementor-button elementor-button-link elementor-size-sm\" href=\"https:\/\/escalesoins.fr\/index.php\/elementor-page-398\/\">\n\t\t\t\t\t\t<span class=\"elementor-button-content-wrapper\">\n\t\t\t\t\t\t\t\t\t<span class=\"elementor-button-text\">A propos <\/span>\n\t\t\t\t\t<\/span>\n\t\t\t\t\t<\/a>\n\t\t\t\t\t\t\t\t<\/div>\n\t\t\t\t<div class=\"elementor-element elementor-element-f4a1535 elementor-widget elementor-widget-button\" data-id=\"f4a1535\" data-element_type=\"widget\" data-e-type=\"widget\" data-widget_type=\"button.default\">\n\t\t\t\t\t\t\t\t\t\t<a class=\"elementor-button elementor-button-link elementor-size-sm\" href=\"https:\/\/escalesoins.fr\/index.php\/elementor-page-734\/\">\n\t\t\t\t\t\t<span class=\"elementor-button-content-wrapper\">\n\t\t\t\t\t\t\t\t\t<span class=\"elementor-button-text\">Contact<\/span>\n\t\t\t\t\t<\/span>\n\t\t\t\t\t<\/a>\n\t\t\t\t\t\t\t\t<\/div>\n\t\t\t\t<div class=\"elementor-element elementor-element-3fa0da3 elementor-widget elementor-widget-button\" data-id=\"3fa0da3\" data-element_type=\"widget\" data-e-type=\"widget\" data-widget_type=\"button.default\">\n\t\t\t\t\t\t\t\t\t\t<a class=\"elementor-button elementor-button-link elementor-size-sm\" href=\"http:\/\/escalesoins.fr\/index.php\/elementor-page-504\/\">\n\t\t\t\t\t\t<span class=\"elementor-button-content-wrapper\">\n\t\t\t\t\t\t\t\t\t<span class=\"elementor-button-text\">R\u00e9servation<\/span>\n\t\t\t\t\t<\/span>\n\t\t\t\t\t<\/a>\n\t\t\t\t\t\t\t\t<\/div>\n\t\t\t\t<\/div>\n\t\t\t\t\t<\/div>\n\t\t\t\t<\/div>\n\t\t<div class=\"elementor-element elementor-element-259419e e-flex e-con-boxed e-con e-parent\" data-id=\"259419e\" data-element_type=\"container\" data-e-type=\"container\" data-settings=\"{&quot;background_background&quot;:&quot;classic&quot;}\">\n\t\t\t\t\t<div class=\"e-con-inner\">\n\t\t\t\t\t<\/div>\n\t\t\t\t<\/div>\n\t\t<div class=\"elementor-element elementor-element-25747fd e-flex e-con-boxed e-con e-parent\" data-id=\"25747fd\" data-element_type=\"container\" data-e-type=\"container\">\n\t\t\t\t\t<div class=\"e-con-inner\">\n\t\t\t\t<div class=\"elementor-element elementor-element-d72c435 elementor-widget elementor-widget-heading\" data-id=\"d72c435\" data-element_type=\"widget\" data-e-type=\"widget\" data-widget_type=\"heading.default\">\n\t\t\t\t\t<h2 class=\"elementor-heading-title elementor-size-default\">Mentions l\u00e9gales <\/h2>\t\t\t\t<\/div>\n\t\t\t\t\t<\/div>\n\t\t\t\t<\/div>\n\t\t<div class=\"elementor-element elementor-element-9349f21 e-flex e-con-boxed e-con e-parent\" data-id=\"9349f21\" data-element_type=\"container\" data-e-type=\"container\">\n\t\t\t\t\t<div class=\"e-con-inner\">\n\t\t\t\t<div class=\"elementor-element elementor-element-5979f14 elementor-widget elementor-widget-text-editor\" data-id=\"5979f14\" data-element_type=\"widget\" data-e-type=\"widget\" data-widget_type=\"text-editor.default\">\n\t\t\t\t\t\t\t\t\t<p><strong>\u00c9diteur du site<\/strong><br \/>Muriel Rodrigues<\/p><p><strong>Nom commercial<\/strong> : Escale Soins<\/p><p><strong>Statut<\/strong> : Micro-entreprise \/ Entreprise individuelle<\/p><p><strong>Adresse<\/strong> : 19 chemin du val d yerres 77111 Soignolles en Brie<\/p><p><strong>T\u00e9l\u00e9phone<\/strong> : 06 26 49 68 92<\/p><p><strong>E-mail<\/strong> : escalesoins.mr@gmail.com\u00a0<\/p><p><strong>SIREN \/ SIRET<\/strong> : 75396176200014<\/p><p><strong>Directeur de la publication<\/strong><br \/>Muriel Rodrigues<\/p><p><strong>H\u00e9bergement<\/strong><br \/>Le site est h\u00e9berg\u00e9 par :<br \/>OVHcloud<br \/>2 rue Kellermann<br \/>59100 Roubaix<br \/>France<br \/>T\u00e9l\u00e9phone : 1007<\/p><p><strong>Propri\u00e9t\u00e9 intellectuelle<\/strong><br \/>L\u2019ensemble des contenus pr\u00e9sents sur ce site, incluant, de fa\u00e7on non limitative, les textes, images, photographies, logos, \u00e9l\u00e9ments graphiques et mise en page, est la propri\u00e9t\u00e9 de l\u2019\u00e9diteur du site, sauf mention contraire. Toute reproduction, repr\u00e9sentation, diffusion ou exploitation, totale ou partielle, sans autorisation pr\u00e9alable \u00e9crite, est interdite.<\/p><p><strong>Responsabilit\u00e9<\/strong><br \/>L\u2019\u00e9diteur du site s\u2019efforce de fournir des informations aussi pr\u00e9cises que possible. Toutefois, il ne pourra \u00eatre tenu responsable des omissions, inexactitudes ou carences dans la mise \u00e0 jour. L\u2019utilisateur reconna\u00eet utiliser les informations du site sous sa responsabilit\u00e9 exclusive.<\/p><p><strong>Donn\u00e9es personnelles<\/strong><br \/>Les informations recueillies via le formulaire de contact ou de prise de rendez-vous sont utilis\u00e9es uniquement pour r\u00e9pondre aux demandes et assurer le suivi de la relation avec les clientes. Conform\u00e9ment \u00e0 la r\u00e9glementation applicable en mati\u00e8re de protection des donn\u00e9es, vous pouvez exercer vos droits d\u2019acc\u00e8s, de rectification, d\u2019effacement, d\u2019opposition, de limitation et de portabilit\u00e9 en \u00e9crivant \u00e0 : escalesoins.mr@gmail.com\u00a0<\/p><p><strong>Cookies<\/strong><br \/>Le site peut utiliser des cookies ou traceurs pour am\u00e9liorer l\u2019exp\u00e9rience utilisateur et, le cas \u00e9ch\u00e9ant, mesurer l\u2019audience. Lorsque la r\u00e9glementation l\u2019exige, le consentement de l\u2019utilisateur est recueilli avant le d\u00e9p\u00f4t de cookies non essentiels.<\/p><p><strong>Droit applicable<\/strong><br \/>Le pr\u00e9sent site est soumis au droit fran\u00e7ais.<\/p>\t\t\t\t\t\t\t\t<\/div>\n\t\t\t\t\t<\/div>\n\t\t\t\t<\/div>\n\t\t\t\t<\/div>\n\t\t","protected":false},"excerpt":{"rendered":"<p>Escale Soins Acceuil \u00d0ermopigmentation Esth\u00e9tique A propos Contact R\u00e9servation Mentions l\u00e9gales \u00c9diteur du siteMuriel Rodrigues Nom commercial : Escale Soins Statut : Micro-entreprise \/ Entreprise individuelle Adresse : 19 chemin du val d yerres 77111 Soignolles en Brie T\u00e9l\u00e9phone : 06 26 49 68 92 E-mail : escalesoins.mr@gmail.com\u00a0 SIREN \/ SIRET : 75396176200014 Directeur de [&hellip;]<\/p>\n","protected":false},"author":1,"featured_media":0,"parent":0,"menu_order":0,"comment_status":"closed","ping_status":"closed","template":"elementor_canvas","meta":{"footnotes":""},"class_list":["post-1489","page","type-page","status-publish","hentry"],"_links":{"self":[{"href":"http:\/\/escalesoins.fr\/index.php\/wp-json\/wp\/v2\/pages\/1489","targetHints":{"allow":["GET"]}}],"collection":[{"href":"http:\/\/escalesoins.fr\/index.php\/wp-json\/wp\/v2\/pages"}],"about":[{"href":"http:\/\/escalesoins.fr\/index.php\/wp-json\/wp\/v2\/types\/page"}],"author":[{"embeddable":true,"href":"http:\/\/escalesoins.fr\/index.php\/wp-json\/wp\/v2\/users\/1"}],"replies":[{"embeddable":true,"href":"http:\/\/escalesoins.fr\/index.php\/wp-json\/wp\/v2\/comments?post=1489"}],"version-history":[{"count":23,"href":"http:\/\/escalesoins.fr\/index.php\/wp-json\/wp\/v2\/pages\/1489\/revisions"}],"predecessor-version":[{"id":1564,"href":"http:\/\/escalesoins.fr\/index.php\/wp-json\/wp\/v2\/pages\/1489\/revisions\/1564"}],"wp:attachment":[{"href":"http:\/\/escalesoins.fr\/index.php\/wp-json\/wp\/v2\/media?parent=1489"}],"curies":[{"name":"wp","href":"https:\/\/api.w.org\/{rel}","templated":true}]}}