{"id":1498,"date":"2026-04-01T13:25:19","date_gmt":"2026-04-01T13:25:19","guid":{"rendered":"https:\/\/escalesoins.fr\/?page_id=1498"},"modified":"2026-04-02T14:50:49","modified_gmt":"2026-04-02T14:50:49","slug":"elementor-page-1498","status":"publish","type":"page","link":"https:\/\/escalesoins.fr\/index.php\/elementor-page-1498\/","title":{"rendered":"Politique de confidentialit\u00e9"},"content":{"rendered":"\t\t<div data-elementor-type=\"wp-page\" data-elementor-id=\"1498\" class=\"elementor elementor-1498\">\n\t\t\t\t<div class=\"elementor-element elementor-element-b508d05 e-flex e-con-boxed e-con e-parent\" data-id=\"b508d05\" data-element_type=\"container\" data-e-type=\"container\">\n\t\t\t\t\t<div class=\"e-con-inner\">\n\t\t\t\t<div class=\"elementor-element elementor-element-bf163a0 elementor-widget__width-initial elementor-widget elementor-widget-image\" data-id=\"bf163a0\" data-element_type=\"widget\" data-e-type=\"widget\" data-widget_type=\"image.default\">\n\t\t\t\t\t\t\t\t\t\t\t\t\t\t\t<img decoding=\"async\" width=\"150\" height=\"150\" src=\"http:\/\/escalesoins.fr\/wp-content\/uploads\/2026\/04\/FB_IMG_1774940913417-e1775140914303-150x150.jpg\" class=\"attachment-thumbnail size-thumbnail wp-image-1421\" alt=\"\" srcset=\"http:\/\/escalesoins.fr\/wp-content\/uploads\/2026\/04\/FB_IMG_1774940913417-e1775140914303-150x150.jpg 150w, http:\/\/escalesoins.fr\/wp-content\/uploads\/2026\/04\/FB_IMG_1774940913417-e1775140914303.jpg 250w\" sizes=\"(max-width: 150px) 100vw, 150px\" \/>\t\t\t\t\t\t\t\t\t\t\t\t\t\t\t<\/div>\n\t\t<div class=\"elementor-element elementor-element-1828482 e-con-full e-flex e-con e-child\" data-id=\"1828482\" data-element_type=\"container\" data-e-type=\"container\">\n\t\t\t\t<div class=\"elementor-element elementor-element-3ce9733 elementor-widget__width-initial elementor-widget elementor-widget-heading\" data-id=\"3ce9733\" data-element_type=\"widget\" data-e-type=\"widget\" data-widget_type=\"heading.default\">\n\t\t\t\t\t<h2 class=\"elementor-heading-title elementor-size-default\">Escale Soins <\/h2>\t\t\t\t<\/div>\n\t\t\t\t<\/div>\n\t\t<div class=\"elementor-element elementor-element-cf352dd e-grid e-con-full e-con e-child\" data-id=\"cf352dd\" data-element_type=\"container\" data-e-type=\"container\">\n\t\t\t\t<div class=\"elementor-element elementor-element-16981bc elementor-widget elementor-widget-button\" data-id=\"16981bc\" data-element_type=\"widget\" data-e-type=\"widget\" data-widget_type=\"button.default\">\n\t\t\t\t\t\t\t\t\t\t<a class=\"elementor-button elementor-button-link elementor-size-sm\" href=\"https:\/\/escalesoins.fr\/\">\n\t\t\t\t\t\t<span class=\"elementor-button-content-wrapper\">\n\t\t\t\t\t\t\t\t\t<span class=\"elementor-button-text\">Acceuil<\/span>\n\t\t\t\t\t<\/span>\n\t\t\t\t\t<\/a>\n\t\t\t\t\t\t\t\t<\/div>\n\t\t\t\t<div class=\"elementor-element elementor-element-e118d27 elementor-widget elementor-widget-button\" data-id=\"e118d27\" data-element_type=\"widget\" data-e-type=\"widget\" data-widget_type=\"button.default\">\n\t\t\t\t\t\t\t\t\t\t<a class=\"elementor-button elementor-button-link elementor-size-sm\" href=\"https:\/\/escalesoins.fr\/index.php\/elementor-page-292\/\">\n\t\t\t\t\t\t<span class=\"elementor-button-content-wrapper\">\n\t\t\t\t\t\t\t\t\t<span class=\"elementor-button-text\">\u00d0ermopigmentation<\/span>\n\t\t\t\t\t<\/span>\n\t\t\t\t\t<\/a>\n\t\t\t\t\t\t\t\t<\/div>\n\t\t\t\t<div class=\"elementor-element elementor-element-aaef8cb elementor-widget elementor-widget-button\" data-id=\"aaef8cb\" data-element_type=\"widget\" data-e-type=\"widget\" data-widget_type=\"button.default\">\n\t\t\t\t\t\t\t\t\t\t<a class=\"elementor-button elementor-button-link elementor-size-sm\" href=\"https:\/\/escalesoins.fr\/index.php\/elementor-page-307\/\">\n\t\t\t\t\t\t<span class=\"elementor-button-content-wrapper\">\n\t\t\t\t\t\t\t\t\t<span class=\"elementor-button-text\">Esth\u00e9tique <\/span>\n\t\t\t\t\t<\/span>\n\t\t\t\t\t<\/a>\n\t\t\t\t\t\t\t\t<\/div>\n\t\t\t\t<div class=\"elementor-element elementor-element-78727a6 elementor-widget elementor-widget-button\" data-id=\"78727a6\" data-element_type=\"widget\" data-e-type=\"widget\" data-widget_type=\"button.default\">\n\t\t\t\t\t\t\t\t\t\t<a class=\"elementor-button elementor-button-link elementor-size-sm\" href=\"https:\/\/escalesoins.fr\/index.php\/elementor-page-398\/\">\n\t\t\t\t\t\t<span class=\"elementor-button-content-wrapper\">\n\t\t\t\t\t\t\t\t\t<span class=\"elementor-button-text\">A propos <\/span>\n\t\t\t\t\t<\/span>\n\t\t\t\t\t<\/a>\n\t\t\t\t\t\t\t\t<\/div>\n\t\t\t\t<div class=\"elementor-element elementor-element-d0c7cc0 elementor-widget elementor-widget-button\" data-id=\"d0c7cc0\" data-element_type=\"widget\" data-e-type=\"widget\" data-widget_type=\"button.default\">\n\t\t\t\t\t\t\t\t\t\t<a class=\"elementor-button elementor-button-link elementor-size-sm\" href=\"https:\/\/escalesoins.fr\/index.php\/elementor-page-734\/\">\n\t\t\t\t\t\t<span class=\"elementor-button-content-wrapper\">\n\t\t\t\t\t\t\t\t\t<span class=\"elementor-button-text\">Contact<\/span>\n\t\t\t\t\t<\/span>\n\t\t\t\t\t<\/a>\n\t\t\t\t\t\t\t\t<\/div>\n\t\t\t\t<div class=\"elementor-element elementor-element-bb8eca2 elementor-widget elementor-widget-button\" data-id=\"bb8eca2\" data-element_type=\"widget\" data-e-type=\"widget\" data-widget_type=\"button.default\">\n\t\t\t\t\t\t\t\t\t\t<a class=\"elementor-button elementor-button-link elementor-size-sm\" href=\"http:\/\/escalesoins.fr\/index.php\/elementor-page-504\/\">\n\t\t\t\t\t\t<span class=\"elementor-button-content-wrapper\">\n\t\t\t\t\t\t\t\t\t<span class=\"elementor-button-text\">R\u00e9servation<\/span>\n\t\t\t\t\t<\/span>\n\t\t\t\t\t<\/a>\n\t\t\t\t\t\t\t\t<\/div>\n\t\t\t\t<\/div>\n\t\t\t\t\t<\/div>\n\t\t\t\t<\/div>\n\t\t<div class=\"elementor-element elementor-element-70cbc98 e-flex e-con-boxed e-con e-parent\" data-id=\"70cbc98\" data-element_type=\"container\" data-e-type=\"container\" data-settings=\"{&quot;background_background&quot;:&quot;classic&quot;}\">\n\t\t\t\t\t<div class=\"e-con-inner\">\n\t\t\t\t\t<\/div>\n\t\t\t\t<\/div>\n\t\t<div class=\"elementor-element elementor-element-5861cf7 e-flex e-con-boxed e-con e-parent\" data-id=\"5861cf7\" data-element_type=\"container\" data-e-type=\"container\">\n\t\t\t\t\t<div class=\"e-con-inner\">\n\t\t\t\t<div class=\"elementor-element elementor-element-6f6861b elementor-widget elementor-widget-heading\" data-id=\"6f6861b\" data-element_type=\"widget\" data-e-type=\"widget\" data-widget_type=\"heading.default\">\n\t\t\t\t\t<h2 class=\"elementor-heading-title elementor-size-default\">Politique de confidentialit\u00e9 <\/h2>\t\t\t\t<\/div>\n\t\t\t\t\t<\/div>\n\t\t\t\t<\/div>\n\t\t<div class=\"elementor-element elementor-element-c64a15e e-flex e-con-boxed e-con e-parent\" data-id=\"c64a15e\" data-element_type=\"container\" data-e-type=\"container\">\n\t\t\t\t\t<div class=\"e-con-inner\">\n\t\t\t\t<div class=\"elementor-element elementor-element-2a6c450 elementor-widget elementor-widget-text-editor\" data-id=\"2a6c450\" data-element_type=\"widget\" data-e-type=\"widget\" data-widget_type=\"text-editor.default\">\n\t\t\t\t\t\t\t\t\t<p><strong>1. Responsable du traitement<\/strong><\/p><p>Le responsable du traitement des donn\u00e9es collect\u00e9es sur le site est :<\/p><p><strong>Muriel Rodrigues<\/strong><\/p><p>Nom commercial : <strong>Escale Soins<\/strong><\/p><p>Adresse : <strong>19 chemin du val d yerres 77111 Soignolles en Brie\u00a0<\/strong><\/p><p>E-mail: <strong>escalesoins.mr@gmail.com<\/strong><\/p><p>T\u00e9l\u00e9phone : <strong>06 26 49 68 92<\/strong><\/p><p><strong>2. Donn\u00e9es collect\u00e9es<\/strong><\/p><p>Les donn\u00e9es personnelles pouvant \u00eatre collect\u00e9es sur ce site sont notamment :<\/p><ul><li>nom et pr\u00e9nom<\/li><li>adresse mail<\/li><li>num\u00e9ro de t\u00e9l\u00e9phone<\/li><li>contenu du message envoy\u00e9 via le formulaire de contact ou de r\u00e9servation<\/li><\/ul><p><strong>3. Finalit\u00e9s de la collecte<\/strong><\/p><p>Les donn\u00e9es collect\u00e9es sont utilis\u00e9es uniquement pour :<\/p><ul><li>r\u00e9pondre aux demandes envoy\u00e9es via le formulaire de contact<\/li><li>g\u00e9rer les demandes de rendez-vous<\/li><li>assurer le suivi des \u00e9changes avec les clientes<\/li><\/ul><p><strong>4. Base l\u00e9gale du traitement<\/strong><\/p><p>Les donn\u00e9es sont trait\u00e9es sur la base :<\/p><ul><li>de votre consentement, lorsque vous remplissez un formulaire et envoyez volontairement vos informations<\/li><li>ou de l\u2019int\u00e9r\u00eat l\u00e9gitime du responsable du traitement pour r\u00e9pondre \u00e0 vos demandes<\/li><\/ul><p><strong>5. Destinataires des donn\u00e9es<\/strong><\/p><p>Les donn\u00e9es collect\u00e9es sont exclusivement destin\u00e9es \u00e0 Escale Soins et ne sont ni vendues, ni c\u00e9d\u00e9es \u00e0 des tiers.<\/p><p><strong>6. Dur\u00e9e de conservation<\/strong><\/p><p>Les donn\u00e9es sont conserv\u00e9es pendant le temps n\u00e9cessaire au traitement de votre demande, puis supprim\u00e9es ou archiv\u00e9es pendant une dur\u00e9e adapt\u00e9e \u00e0 la finalit\u00e9 du traitement.<\/p><p><strong>7. Vos droits<\/strong><\/p><p>Conform\u00e9ment au RGPD, vous disposez des droits suivants :<\/p><ul><li>droit d\u2019acc\u00e8s<\/li><li>droit de rectification<\/li><li>droit d\u2019effacement<\/li><li>droit d\u2019opposition<\/li><li>droit \u00e0 la limitation du traitement<\/li><li>droit \u00e0 la portabilit\u00e9, lorsque celui-ci est applicable<\/li><\/ul><p>Vous pouvez exercer vos droits en \u00e9crivant \u00e0 :<\/p><p>Escalesoins.mr@gmail.com<\/p><p><strong>8. Cookies<\/strong><\/p><p>Le site peut utiliser des cookies ou traceurs n\u00e9cessaires \u00e0 son bon fonctionnement et, le cas \u00e9ch\u00e9ant, \u00e0 la mesure d\u2019audience.<\/p><p>Lorsque des cookies non essentiels sont utilis\u00e9s, le consentement de l\u2019utilisateur doit \u00eatre recueilli avant leur d\u00e9p\u00f4t.\u00a0<\/p><p><strong>9. Formulaire de contact<\/strong><\/p><p>Les informations transmises via le formulaire de contact ou de r\u00e9servation sont utilis\u00e9es uniquement pour r\u00e9pondre \u00e0 votre demande.\u00a0<\/p><p>10. Contact<\/p><p>Pour toute question relative \u00e0 la pr\u00e9sente politique de confidentialit\u00e9, vous pouvez \u00e9crire \u00e0 :<\/p><p>escalesoins.mr@gmail.com<\/p>\t\t\t\t\t\t\t\t<\/div>\n\t\t\t\t\t<\/div>\n\t\t\t\t<\/div>\n\t\t\t\t<\/div>\n\t\t","protected":false},"excerpt":{"rendered":"<p>Escale Soins Acceuil \u00d0ermopigmentation Esth\u00e9tique A propos Contact R\u00e9servation Politique de confidentialit\u00e9 1. Responsable du traitement Le responsable du traitement des donn\u00e9es collect\u00e9es sur le site est : Muriel Rodrigues Nom commercial : Escale Soins Adresse : 19 chemin du val d yerres 77111 Soignolles en Brie\u00a0 E-mail: escalesoins.mr@gmail.com T\u00e9l\u00e9phone : 06 26 49 68 [&hellip;]<\/p>\n","protected":false},"author":1,"featured_media":0,"parent":0,"menu_order":0,"comment_status":"closed","ping_status":"closed","template":"elementor_canvas","meta":{"footnotes":""},"class_list":["post-1498","page","type-page","status-publish","hentry"],"_links":{"self":[{"href":"https:\/\/escalesoins.fr\/index.php\/wp-json\/wp\/v2\/pages\/1498","targetHints":{"allow":["GET"]}}],"collection":[{"href":"https:\/\/escalesoins.fr\/index.php\/wp-json\/wp\/v2\/pages"}],"about":[{"href":"https:\/\/escalesoins.fr\/index.php\/wp-json\/wp\/v2\/types\/page"}],"author":[{"embeddable":true,"href":"https:\/\/escalesoins.fr\/index.php\/wp-json\/wp\/v2\/users\/1"}],"replies":[{"embeddable":true,"href":"https:\/\/escalesoins.fr\/index.php\/wp-json\/wp\/v2\/comments?post=1498"}],"version-history":[{"count":20,"href":"https:\/\/escalesoins.fr\/index.php\/wp-json\/wp\/v2\/pages\/1498\/revisions"}],"predecessor-version":[{"id":1567,"href":"https:\/\/escalesoins.fr\/index.php\/wp-json\/wp\/v2\/pages\/1498\/revisions\/1567"}],"wp:attachment":[{"href":"https:\/\/escalesoins.fr\/index.php\/wp-json\/wp\/v2\/media?parent=1498"}],"curies":[{"name":"wp","href":"https:\/\/api.w.org\/{rel}","templated":true}]}}