{"id":398,"date":"2026-03-23T22:14:50","date_gmt":"2026-03-23T22:14:50","guid":{"rendered":"http:\/\/escalesoins.fr\/?page_id=398"},"modified":"2026-04-02T14:46:03","modified_gmt":"2026-04-02T14:46:03","slug":"elementor-page-398","status":"publish","type":"page","link":"https:\/\/escalesoins.fr\/index.php\/elementor-page-398\/","title":{"rendered":"A PROPOS"},"content":{"rendered":"\t\t<div data-elementor-type=\"wp-page\" data-elementor-id=\"398\" class=\"elementor elementor-398\">\n\t\t\t\t<div class=\"elementor-element elementor-element-f3b1d20 e-flex e-con-boxed e-con e-parent\" data-id=\"f3b1d20\" data-element_type=\"container\" data-e-type=\"container\">\n\t\t\t\t\t<div class=\"e-con-inner\">\n\t\t\t\t<div class=\"elementor-element elementor-element-efb7893 elementor-widget__width-initial elementor-widget elementor-widget-image\" data-id=\"efb7893\" data-element_type=\"widget\" data-e-type=\"widget\" data-widget_type=\"image.default\">\n\t\t\t\t\t\t\t\t\t\t\t\t\t\t\t<img decoding=\"async\" width=\"150\" height=\"150\" src=\"https:\/\/escalesoins.fr\/wp-content\/uploads\/2026\/04\/FB_IMG_1774940913417-e1775140914303-150x150.jpg\" class=\"attachment-thumbnail size-thumbnail wp-image-1421\" alt=\"\" srcset=\"https:\/\/escalesoins.fr\/wp-content\/uploads\/2026\/04\/FB_IMG_1774940913417-e1775140914303-150x150.jpg 150w, https:\/\/escalesoins.fr\/wp-content\/uploads\/2026\/04\/FB_IMG_1774940913417-e1775140914303.jpg 250w\" sizes=\"(max-width: 150px) 100vw, 150px\" \/>\t\t\t\t\t\t\t\t\t\t\t\t\t\t\t<\/div>\n\t\t<div class=\"elementor-element elementor-element-aba7076 e-con-full e-flex e-con e-child\" data-id=\"aba7076\" data-element_type=\"container\" data-e-type=\"container\">\n\t\t\t\t<div class=\"elementor-element elementor-element-d6fb9b2 elementor-widget__width-initial elementor-widget elementor-widget-heading\" data-id=\"d6fb9b2\" data-element_type=\"widget\" data-e-type=\"widget\" data-widget_type=\"heading.default\">\n\t\t\t\t\t<h2 class=\"elementor-heading-title elementor-size-default\">Escale Soins <\/h2>\t\t\t\t<\/div>\n\t\t\t\t<\/div>\n\t\t<div class=\"elementor-element elementor-element-15db40d e-grid e-con-full e-con e-child\" data-id=\"15db40d\" data-element_type=\"container\" data-e-type=\"container\">\n\t\t\t\t<div class=\"elementor-element elementor-element-6a22df5 elementor-widget elementor-widget-button\" data-id=\"6a22df5\" data-element_type=\"widget\" data-e-type=\"widget\" data-widget_type=\"button.default\">\n\t\t\t\t\t\t\t\t\t\t<a class=\"elementor-button elementor-button-link elementor-size-sm\" href=\"https:\/\/escalesoins.fr\/\">\n\t\t\t\t\t\t<span class=\"elementor-button-content-wrapper\">\n\t\t\t\t\t\t\t\t\t<span class=\"elementor-button-text\">Acceuil<\/span>\n\t\t\t\t\t<\/span>\n\t\t\t\t\t<\/a>\n\t\t\t\t\t\t\t\t<\/div>\n\t\t\t\t<div class=\"elementor-element elementor-element-8bc065e elementor-widget elementor-widget-button\" data-id=\"8bc065e\" data-element_type=\"widget\" data-e-type=\"widget\" data-widget_type=\"button.default\">\n\t\t\t\t\t\t\t\t\t\t<a class=\"elementor-button elementor-button-link elementor-size-sm\" href=\"https:\/\/escalesoins.fr\/index.php\/elementor-page-292\/\">\n\t\t\t\t\t\t<span class=\"elementor-button-content-wrapper\">\n\t\t\t\t\t\t\t\t\t<span class=\"elementor-button-text\">\u00d0ermopigmentation<\/span>\n\t\t\t\t\t<\/span>\n\t\t\t\t\t<\/a>\n\t\t\t\t\t\t\t\t<\/div>\n\t\t\t\t<div class=\"elementor-element elementor-element-e8b23c1 elementor-widget elementor-widget-button\" data-id=\"e8b23c1\" data-element_type=\"widget\" data-e-type=\"widget\" data-widget_type=\"button.default\">\n\t\t\t\t\t\t\t\t\t\t<a class=\"elementor-button elementor-button-link elementor-size-sm\" href=\"https:\/\/escalesoins.fr\/index.php\/elementor-page-307\/\">\n\t\t\t\t\t\t<span class=\"elementor-button-content-wrapper\">\n\t\t\t\t\t\t\t\t\t<span class=\"elementor-button-text\">Esth\u00e9tique <\/span>\n\t\t\t\t\t<\/span>\n\t\t\t\t\t<\/a>\n\t\t\t\t\t\t\t\t<\/div>\n\t\t\t\t<div class=\"elementor-element elementor-element-5cd6427 elementor-widget elementor-widget-button\" data-id=\"5cd6427\" data-element_type=\"widget\" data-e-type=\"widget\" data-widget_type=\"button.default\">\n\t\t\t\t\t\t\t\t\t\t<a class=\"elementor-button elementor-button-link elementor-size-sm\" href=\"https:\/\/escalesoins.fr\/index.php\/elementor-page-398\/\">\n\t\t\t\t\t\t<span class=\"elementor-button-content-wrapper\">\n\t\t\t\t\t\t\t\t\t<span class=\"elementor-button-text\">A propos <\/span>\n\t\t\t\t\t<\/span>\n\t\t\t\t\t<\/a>\n\t\t\t\t\t\t\t\t<\/div>\n\t\t\t\t<div class=\"elementor-element elementor-element-90d6a24 elementor-widget elementor-widget-button\" data-id=\"90d6a24\" data-element_type=\"widget\" data-e-type=\"widget\" data-widget_type=\"button.default\">\n\t\t\t\t\t\t\t\t\t\t<a class=\"elementor-button elementor-button-link elementor-size-sm\" href=\"https:\/\/escalesoins.fr\/index.php\/elementor-page-734\/\">\n\t\t\t\t\t\t<span class=\"elementor-button-content-wrapper\">\n\t\t\t\t\t\t\t\t\t<span class=\"elementor-button-text\">Contact<\/span>\n\t\t\t\t\t<\/span>\n\t\t\t\t\t<\/a>\n\t\t\t\t\t\t\t\t<\/div>\n\t\t\t\t<div class=\"elementor-element elementor-element-a950fac elementor-widget elementor-widget-button\" data-id=\"a950fac\" data-element_type=\"widget\" data-e-type=\"widget\" data-widget_type=\"button.default\">\n\t\t\t\t\t\t\t\t\t\t<a class=\"elementor-button elementor-button-link elementor-size-sm\" href=\"http:\/\/escalesoins.fr\/index.php\/elementor-page-504\/\">\n\t\t\t\t\t\t<span class=\"elementor-button-content-wrapper\">\n\t\t\t\t\t\t\t\t\t<span class=\"elementor-button-text\">R\u00e9servation<\/span>\n\t\t\t\t\t<\/span>\n\t\t\t\t\t<\/a>\n\t\t\t\t\t\t\t\t<\/div>\n\t\t\t\t<\/div>\n\t\t\t\t\t<\/div>\n\t\t\t\t<\/div>\n\t\t<div class=\"elementor-element elementor-element-e3ac71e e-flex e-con-boxed e-con e-parent\" data-id=\"e3ac71e\" data-element_type=\"container\" data-e-type=\"container\" data-settings=\"{&quot;background_background&quot;:&quot;classic&quot;}\">\n\t\t\t\t\t<div class=\"e-con-inner\">\n\t\t\t\t\t<\/div>\n\t\t\t\t<\/div>\n\t\t<div class=\"elementor-element elementor-element-9a6360b e-flex e-con-boxed e-con e-parent\" data-id=\"9a6360b\" data-element_type=\"container\" data-e-type=\"container\">\n\t\t\t\t\t<div class=\"e-con-inner\">\n\t\t\t\t<div class=\"elementor-element elementor-element-0ef272e elementor-widget elementor-widget-heading\" data-id=\"0ef272e\" data-element_type=\"widget\" data-e-type=\"widget\" data-widget_type=\"heading.default\">\n\t\t\t\t\t<h2 class=\"elementor-heading-title elementor-size-default\">A propos<\/h2>\t\t\t\t<\/div>\n\t\t\t\t\t<\/div>\n\t\t\t\t<\/div>\n\t\t<div class=\"elementor-element elementor-element-b0a929c e-flex e-con-boxed e-con e-parent\" data-id=\"b0a929c\" data-element_type=\"container\" data-e-type=\"container\">\n\t\t\t\t\t<div class=\"e-con-inner\">\n\t\t<div class=\"elementor-element elementor-element-1c49e7c e-con-full e-flex e-con e-child\" data-id=\"1c49e7c\" data-element_type=\"container\" data-e-type=\"container\">\n\t\t\t\t<div class=\"elementor-element elementor-element-b603cb9 elementor-widget elementor-widget-text-editor\" data-id=\"b603cb9\" data-element_type=\"widget\" data-e-type=\"widget\" data-widget_type=\"text-editor.default\">\n\t\t\t\t\t\t\t\t\t<p><b><u>Pr\u00e9sentation<\/u><\/b><\/p><p>Je suis Muriel Rodrigues, sp\u00e9cialis\u00e9e en pigmentation r\u00e9paratrice, maquillage permanent et soins esth\u00e9tiques. J&rsquo;accompagne chaque personne avec douceur, \u00e9coute et pr\u00e9cision, dans une d\u00e9marche \u00e0 la fois esth\u00e9tique, humaine et personnalis\u00e9e.<span style=\"color: var( --e-global-color-text ); font-family: var( --e-global-typography-text-font-family ), Sans-serif; font-weight: var( --e-global-typography-text-font-weight ); text-align: var(--text-align); background-color: var(--wp--preset--color--section-bg); font-size: var(--wp--preset--font-size--body-text);\">\u00a0<\/span><\/p><p><b><u>Ma vision \/ ma mission<\/u><\/b><\/p><p>Mon objectif est d&rsquo;apporter des solutions adapt\u00e9es \u00e0 chaque besoin, en privil\u00e9giant toujours un r\u00e9sultat naturel, harmonieux et respectueux de votre peau. Chaque prestation est pens\u00e9e avec attention, dans un cadre rassurant, professionnel et bienveillant.<\/p><p><b><u>Ce qui me diff\u00e9rencie<\/u><\/b><\/p><p><b>Une approche personnalis\u00e9e<\/b><\/p><p>Parce que chaque peau, chaque histoire et chaque attente sont uniques, je prends le temps de vous \u00e9couter et de vous orienter vers la prestation la plus adapt\u00e9e.<\/p><p><b>Une attention particuli\u00e8re \u00e0 la pigmentation r\u00e9paratrice<\/b><\/p><p>Je suis particuli\u00e8rement sensible \u00e0 l&rsquo;accompagnement des personnes souhaitant retrouver confiance grace \u00e0 la pigmentation r\u00e9paratrice, notamment dans le cadre de cicatrices, vergetures ou reconstruction esth\u00e9tique.<\/p><p><b><u>Mes valeurs<\/u><\/b><\/p><p><b>Douceur<\/b><\/p><p>Une prise en charge attentive et respectueuse<\/p><p><b>Pr\u00e9cision<\/b><\/p><p>Des gestes techniques au service d&rsquo;un r\u00e9sultat naturel<\/p><p><b>Bienveillance<\/b><\/p><p>Un accompagnement humain, discret et rassurant.<\/p><p>Je vous accueille avec professionnalisme et bienveillance pour vous accompagner dans votre d\u00e9marche, qu&rsquo;elle soit r\u00e9paratrice, esth\u00e9tique ou simplement d\u00e9di\u00e9e \u00e0 votre bien-etre<\/p>\t\t\t\t\t\t\t\t<\/div>\n\t\t\t\t<\/div>\n\t\t<div class=\"elementor-element elementor-element-df62a91 e-con-full e-flex e-con e-child\" data-id=\"df62a91\" data-element_type=\"container\" data-e-type=\"container\">\n\t\t\t\t<div class=\"elementor-element elementor-element-8ec8314 elementor-widget__width-initial elementor-widget elementor-widget-image\" data-id=\"8ec8314\" data-element_type=\"widget\" data-e-type=\"widget\" data-widget_type=\"image.default\">\n\t\t\t\t\t\t\t\t\t\t\t\t\t\t\t<img fetchpriority=\"high\" decoding=\"async\" width=\"200\" height=\"300\" src=\"https:\/\/escalesoins.fr\/wp-content\/uploads\/2026\/03\/DSC_5046-200x300.jpg\" class=\"attachment-medium size-medium wp-image-1124\" alt=\"\" srcset=\"https:\/\/escalesoins.fr\/wp-content\/uploads\/2026\/03\/DSC_5046-200x300.jpg 200w, https:\/\/escalesoins.fr\/wp-content\/uploads\/2026\/03\/DSC_5046-681x1024.jpg 681w, https:\/\/escalesoins.fr\/wp-content\/uploads\/2026\/03\/DSC_5046-768x1154.jpg 768w, https:\/\/escalesoins.fr\/wp-content\/uploads\/2026\/03\/DSC_5046-1022x1536.jpg 1022w, https:\/\/escalesoins.fr\/wp-content\/uploads\/2026\/03\/DSC_5046-1363x2048.jpg 1363w, https:\/\/escalesoins.fr\/wp-content\/uploads\/2026\/03\/DSC_5046-scaled.jpg 1703w\" sizes=\"(max-width: 200px) 100vw, 200px\" \/>\t\t\t\t\t\t\t\t\t\t\t\t\t\t\t<\/div>\n\t\t\t\t<div class=\"elementor-element elementor-element-3d4aec7 elementor-widget__width-inherit elementor-widget elementor-widget-image\" data-id=\"3d4aec7\" data-element_type=\"widget\" data-e-type=\"widget\" data-widget_type=\"image.default\">\n\t\t\t\t\t\t\t\t\t\t\t\t\t\t\t<img decoding=\"async\" width=\"300\" height=\"225\" src=\"https:\/\/escalesoins.fr\/wp-content\/uploads\/2026\/03\/20260205_155104-300x225.jpg\" class=\"attachment-medium size-medium wp-image-421\" alt=\"\" srcset=\"https:\/\/escalesoins.fr\/wp-content\/uploads\/2026\/03\/20260205_155104-300x225.jpg 300w, https:\/\/escalesoins.fr\/wp-content\/uploads\/2026\/03\/20260205_155104-1024x768.jpg 1024w, https:\/\/escalesoins.fr\/wp-content\/uploads\/2026\/03\/20260205_155104-768x576.jpg 768w, https:\/\/escalesoins.fr\/wp-content\/uploads\/2026\/03\/20260205_155104-1536x1152.jpg 1536w, https:\/\/escalesoins.fr\/wp-content\/uploads\/2026\/03\/20260205_155104-2048x1536.jpg 2048w\" sizes=\"(max-width: 300px) 100vw, 300px\" \/>\t\t\t\t\t\t\t\t\t\t\t\t\t\t\t<\/div>\n\t\t\t\t<div class=\"elementor-element elementor-element-f0ae16b elementor-widget__width-inherit elementor-widget elementor-widget-image\" data-id=\"f0ae16b\" data-element_type=\"widget\" data-e-type=\"widget\" data-widget_type=\"image.default\">\n\t\t\t\t\t\t\t\t\t\t\t\t\t\t\t<img loading=\"lazy\" decoding=\"async\" width=\"300\" height=\"225\" src=\"https:\/\/escalesoins.fr\/wp-content\/uploads\/2026\/03\/20260205_155038-300x225.jpg\" class=\"attachment-medium size-medium wp-image-427\" alt=\"\" srcset=\"https:\/\/escalesoins.fr\/wp-content\/uploads\/2026\/03\/20260205_155038-300x225.jpg 300w, https:\/\/escalesoins.fr\/wp-content\/uploads\/2026\/03\/20260205_155038-1024x768.jpg 1024w, https:\/\/escalesoins.fr\/wp-content\/uploads\/2026\/03\/20260205_155038-768x576.jpg 768w, https:\/\/escalesoins.fr\/wp-content\/uploads\/2026\/03\/20260205_155038-1536x1152.jpg 1536w, https:\/\/escalesoins.fr\/wp-content\/uploads\/2026\/03\/20260205_155038-2048x1536.jpg 2048w\" sizes=\"(max-width: 300px) 100vw, 300px\" \/>\t\t\t\t\t\t\t\t\t\t\t\t\t\t\t<\/div>\n\t\t\t\t<\/div>\n\t\t\t\t\t<\/div>\n\t\t\t\t<\/div>\n\t\t<div class=\"elementor-element elementor-element-11b922e e-flex e-con-boxed e-con e-parent\" data-id=\"11b922e\" data-element_type=\"container\" data-e-type=\"container\">\n\t\t\t\t\t<div class=\"e-con-inner\">\n\t\t\t\t<div class=\"elementor-element elementor-element-7571492 elementor-widget elementor-widget-button\" data-id=\"7571492\" data-element_type=\"widget\" data-e-type=\"widget\" data-widget_type=\"button.default\">\n\t\t\t\t\t\t\t\t\t\t<a class=\"elementor-button elementor-button-link elementor-size-sm\" href=\"http:\/\/escalesoins.booksy.com\/a\/\">\n\t\t\t\t\t\t<span class=\"elementor-button-content-wrapper\">\n\t\t\t\t\t\t\t\t\t<span class=\"elementor-button-text\">Prendre rendez-vous<\/span>\n\t\t\t\t\t<\/span>\n\t\t\t\t\t<\/a>\n\t\t\t\t\t\t\t\t<\/div>\n\t\t\t\t\t<\/div>\n\t\t\t\t<\/div>\n\t\t<div class=\"elementor-element elementor-element-4638ff1 e-flex e-con-boxed e-con e-parent\" data-id=\"4638ff1\" data-element_type=\"container\" data-e-type=\"container\" data-settings=\"{&quot;background_background&quot;:&quot;classic&quot;}\">\n\t\t\t\t\t<div class=\"e-con-inner\">\n\t\t\t\t<div class=\"elementor-element elementor-element-90bee32 elementor-widget elementor-widget-text-editor\" data-id=\"90bee32\" data-element_type=\"widget\" data-e-type=\"widget\" data-widget_type=\"text-editor.default\">\n\t\t\t\t\t\t\t\t\t<p><span style=\"text-decoration: underline;\"><strong>Escale Soins<\/strong><\/span><\/p><p>Soignolles-en-Brie | Sur rendez-vous uniquement |\u00a006 26 49 68 92<\/p>\t\t\t\t\t\t\t\t<\/div>\n\t\t\t\t<div class=\"elementor-element elementor-element-a06596e elementor-shape-rounded elementor-grid-0 e-grid-align-center elementor-widget elementor-widget-social-icons\" data-id=\"a06596e\" data-element_type=\"widget\" data-e-type=\"widget\" data-widget_type=\"social-icons.default\">\n\t\t\t\t\t\t\t<div class=\"elementor-social-icons-wrapper elementor-grid\" role=\"list\">\n\t\t\t\t\t\t\t<span class=\"elementor-grid-item\" role=\"listitem\">\n\t\t\t\t\t<a class=\"elementor-icon elementor-social-icon elementor-social-icon-facebook elementor-repeater-item-d9cf187\" href=\"https:\/\/www.facebook.com\/share\/1EFtVWhSvk\/\" target=\"_blank\">\n\t\t\t\t\t\t<span class=\"elementor-screen-only\">Facebook<\/span>\n\t\t\t\t\t\t<svg aria-hidden=\"true\" class=\"e-font-icon-svg e-fab-facebook\" viewBox=\"0 0 512 512\" xmlns=\"http:\/\/www.w3.org\/2000\/svg\"><path d=\"M504 256C504 119 393 8 256 8S8 119 8 256c0 123.78 90.69 226.38 209.25 245V327.69h-63V256h63v-54.64c0-62.15 37-96.48 93.67-96.48 27.14 0 55.52 4.84 55.52 4.84v61h-31.28c-30.8 0-40.41 19.12-40.41 38.73V256h68.78l-11 71.69h-57.78V501C413.31 482.38 504 379.78 504 256z\"><\/path><\/svg>\t\t\t\t\t<\/a>\n\t\t\t\t<\/span>\n\t\t\t\t\t\t\t<span class=\"elementor-grid-item\" role=\"listitem\">\n\t\t\t\t\t<a class=\"elementor-icon elementor-social-icon elementor-social-icon-whatsapp elementor-repeater-item-aeb4b82\" href=\"https:\/\/wa.me\/33626496892\" target=\"_blank\">\n\t\t\t\t\t\t<span class=\"elementor-screen-only\">Whatsapp<\/span>\n\t\t\t\t\t\t<svg aria-hidden=\"true\" class=\"e-font-icon-svg e-fab-whatsapp\" viewBox=\"0 0 448 512\" xmlns=\"http:\/\/www.w3.org\/2000\/svg\"><path d=\"M380.9 97.1C339 55.1 283.2 32 223.9 32c-122.4 0-222 99.6-222 222 0 39.1 10.2 77.3 29.6 111L0 480l117.7-30.9c32.4 17.7 68.9 27 106.1 27h.1c122.3 0 224.1-99.6 224.1-222 0-59.3-25.2-115-67.1-157zm-157 341.6c-33.2 0-65.7-8.9-94-25.7l-6.7-4-69.8 18.3L72 359.2l-4.4-7c-18.5-29.4-28.2-63.3-28.2-98.2 0-101.7 82.8-184.5 184.6-184.5 49.3 0 95.6 19.2 130.4 54.1 34.8 34.9 56.2 81.2 56.1 130.5 0 101.8-84.9 184.6-186.6 184.6zm101.2-138.2c-5.5-2.8-32.8-16.2-37.9-18-5.1-1.9-8.8-2.8-12.5 2.8-3.7 5.6-14.3 18-17.6 21.8-3.2 3.7-6.5 4.2-12 1.4-32.6-16.3-54-29.1-75.5-66-5.7-9.8 5.7-9.1 16.3-30.3 1.8-3.7.9-6.9-.5-9.7-1.4-2.8-12.5-30.1-17.1-41.2-4.5-10.8-9.1-9.3-12.5-9.5-3.2-.2-6.9-.2-10.6-.2-3.7 0-9.7 1.4-14.8 6.9-5.1 5.6-19.4 19-19.4 46.3 0 27.3 19.9 53.7 22.6 57.4 2.8 3.7 39.1 59.7 94.8 83.8 35.2 15.2 49 16.5 66.6 13.9 10.7-1.6 32.8-13.4 37.4-26.4 4.6-13 4.6-24.1 3.2-26.4-1.3-2.5-5-3.9-10.5-6.6z\"><\/path><\/svg>\t\t\t\t\t<\/a>\n\t\t\t\t<\/span>\n\t\t\t\t\t\t\t<span class=\"elementor-grid-item\" role=\"listitem\">\n\t\t\t\t\t<a class=\"elementor-icon elementor-social-icon elementor-social-icon-instagram elementor-repeater-item-7e47b45\" href=\"https:\/\/www.instagram.com\/escalesoins?igsh=YjBia2k3eW5oYXBk\" target=\"_blank\">\n\t\t\t\t\t\t<span class=\"elementor-screen-only\">Instagram<\/span>\n\t\t\t\t\t\t<svg aria-hidden=\"true\" class=\"e-font-icon-svg e-fab-instagram\" viewBox=\"0 0 448 512\" xmlns=\"http:\/\/www.w3.org\/2000\/svg\"><path d=\"M224.1 141c-63.6 0-114.9 51.3-114.9 114.9s51.3 114.9 114.9 114.9S339 319.5 339 255.9 287.7 141 224.1 141zm0 189.6c-41.1 0-74.7-33.5-74.7-74.7s33.5-74.7 74.7-74.7 74.7 33.5 74.7 74.7-33.6 74.7-74.7 74.7zm146.4-194.3c0 14.9-12 26.8-26.8 26.8-14.9 0-26.8-12-26.8-26.8s12-26.8 26.8-26.8 26.8 12 26.8 26.8zm76.1 27.2c-1.7-35.9-9.9-67.7-36.2-93.9-26.2-26.2-58-34.4-93.9-36.2-37-2.1-147.9-2.1-184.9 0-35.8 1.7-67.6 9.9-93.9 36.1s-34.4 58-36.2 93.9c-2.1 37-2.1 147.9 0 184.9 1.7 35.9 9.9 67.7 36.2 93.9s58 34.4 93.9 36.2c37 2.1 147.9 2.1 184.9 0 35.9-1.7 67.7-9.9 93.9-36.2 26.2-26.2 34.4-58 36.2-93.9 2.1-37 2.1-147.8 0-184.8zM398.8 388c-7.8 19.6-22.9 34.7-42.6 42.6-29.5 11.7-99.5 9-132.1 9s-102.7 2.6-132.1-9c-19.6-7.8-34.7-22.9-42.6-42.6-11.7-29.5-9-99.5-9-132.1s-2.6-102.7 9-132.1c7.8-19.6 22.9-34.7 42.6-42.6 29.5-11.7 99.5-9 132.1-9s102.7-2.6 132.1 9c19.6 7.8 34.7 22.9 42.6 42.6 11.7 29.5 9 99.5 9 132.1s2.7 102.7-9 132.1z\"><\/path><\/svg>\t\t\t\t\t<\/a>\n\t\t\t\t<\/span>\n\t\t\t\t\t<\/div>\n\t\t\t\t\t\t<\/div>\n\t\t\t\t\t<\/div>\n\t\t\t\t<\/div>\n\t\t\t\t<\/div>\n\t\t","protected":false},"excerpt":{"rendered":"<p>Escale Soins Acceuil \u00d0ermopigmentation Esth\u00e9tique A propos Contact R\u00e9servation A propos Pr\u00e9sentation Je suis Muriel Rodrigues, sp\u00e9cialis\u00e9e en pigmentation r\u00e9paratrice, maquillage permanent et soins esth\u00e9tiques. J&rsquo;accompagne chaque personne avec douceur, \u00e9coute et pr\u00e9cision, dans une d\u00e9marche \u00e0 la fois esth\u00e9tique, humaine et personnalis\u00e9e.\u00a0 Ma vision \/ ma mission Mon objectif est d&rsquo;apporter des solutions adapt\u00e9es [&hellip;]<\/p>\n","protected":false},"author":1,"featured_media":0,"parent":0,"menu_order":0,"comment_status":"closed","ping_status":"closed","template":"elementor_canvas","meta":{"footnotes":""},"class_list":["post-398","page","type-page","status-publish","hentry"],"_links":{"self":[{"href":"https:\/\/escalesoins.fr\/index.php\/wp-json\/wp\/v2\/pages\/398","targetHints":{"allow":["GET"]}}],"collection":[{"href":"https:\/\/escalesoins.fr\/index.php\/wp-json\/wp\/v2\/pages"}],"about":[{"href":"https:\/\/escalesoins.fr\/index.php\/wp-json\/wp\/v2\/types\/page"}],"author":[{"embeddable":true,"href":"https:\/\/escalesoins.fr\/index.php\/wp-json\/wp\/v2\/users\/1"}],"replies":[{"embeddable":true,"href":"https:\/\/escalesoins.fr\/index.php\/wp-json\/wp\/v2\/comments?post=398"}],"version-history":[{"count":125,"href":"https:\/\/escalesoins.fr\/index.php\/wp-json\/wp\/v2\/pages\/398\/revisions"}],"predecessor-version":[{"id":1549,"href":"https:\/\/escalesoins.fr\/index.php\/wp-json\/wp\/v2\/pages\/398\/revisions\/1549"}],"wp:attachment":[{"href":"https:\/\/escalesoins.fr\/index.php\/wp-json\/wp\/v2\/media?parent=398"}],"curies":[{"name":"wp","href":"https:\/\/api.w.org\/{rel}","templated":true}]}}